{"id":21298,"date":"2024-12-24T11:47:46","date_gmt":"2024-12-24T11:47:46","guid":{"rendered":"https:\/\/www.taubertek.com\/nuevaweb\/?page_id=21298"},"modified":"2025-01-27T09:52:08","modified_gmt":"2025-01-27T09:52:08","slug":"permisos-y-licencias","status":"publish","type":"page","link":"https:\/\/taubertek.com\/nuevaweb\/permisos-y-licencias\/","title":{"rendered":"Permisos y Licencias"},"content":{"rendered":"\t\t<div data-elementor-type=\"wp-page\" data-elementor-id=\"21298\" class=\"elementor elementor-21298\">\n\t\t\t\t<div class=\"wd-negative-gap elementor-element elementor-element-1c90c3f wd-section-stretch e-flex e-con-boxed e-con e-parent\" data-id=\"1c90c3f\" data-element_type=\"container\" data-settings=\"{&quot;background_background&quot;:&quot;classic&quot;}\">\n\t\t\t\t\t<div class=\"e-con-inner\">\n\t\t\t\t<div class=\"elementor-element elementor-element-5d57672 elementor-widget__width-initial elementor-widget-tablet__width-inherit wd-width-100 elementor-widget elementor-widget-wd_title\" data-id=\"5d57672\" data-element_type=\"widget\" data-widget_type=\"wd_title.default\">\n\t\t\t\t<div class=\"elementor-widget-container\">\n\t\t\t\t\t\t\t\t<link rel=\"stylesheet\" id=\"wd-section-title-css\" href=\"https:\/\/taubertek.com\/nuevaweb\/wp-content\/themes\/woodmart\/css\/parts\/el-section-title.min.css?ver=7.6.0\" type=\"text\/css\" media=\"all\" \/> \t\t\t\t\t<div class=\"title-wrapper set-mb-s reset-last-child wd-title-color-primary wd-title-style-default wd-title-size-large text-left\">\n\n\t\t\t\n\t\t\t<div class=\"liner-continer\">\n\t\t\t\t<h1 class=\"woodmart-title-container title wd-fontsize-xxl\">Gesti\u00f3n de Permisos y Licencias<\/h1> \n\t\t\t\t\t\t\t<\/div>\n\n\t\t\t\t\t<\/div>\n\t\t\t\t\t\t<\/div>\n\t\t\t\t<\/div>\n\t\t\t\t<div class=\"elementor-element elementor-element-647791b elementor-widget elementor-widget-image\" data-id=\"647791b\" data-element_type=\"widget\" data-widget_type=\"image.default\">\n\t\t\t\t<div class=\"elementor-widget-container\">\n\t\t\t\t\t\t\t\t\t\t\t\t\t\t\t<img decoding=\"async\" src=\"https:\/\/taubertek.com\/nuevaweb\/wp-content\/uploads\/2024\/12\/taubertek-cuad-150x150-1.png\" title=\"taubertek-cuad-150&#215;150\" alt=\"taubertek-cuad-150x150\" loading=\"lazy\" \/>\t\t\t\t\t\t\t\t\t\t\t\t\t\t\t<\/div>\n\t\t\t\t<\/div>\n\t\t\t\t\t<\/div>\n\t\t\t\t<\/div>\n\t\t<div class=\"wd-negative-gap elementor-element elementor-element-8a3578f e-flex e-con-boxed e-con e-parent\" data-id=\"8a3578f\" data-element_type=\"container\">\n\t\t\t\t\t<div class=\"e-con-inner\">\n\t\t\t\t<div class=\"elementor-element elementor-element-c539371 text-center color-scheme-inherit elementor-widget elementor-widget-text-editor\" data-id=\"c539371\" data-element_type=\"widget\" data-widget_type=\"text-editor.default\">\n\t\t\t\t<div class=\"elementor-widget-container\">\n\t\t\t\t\t\t\t\t\t<p>En <strong>Taubertek<\/strong>, nos encargamos de la redacci\u00f3n, tramitaci\u00f3n y seguimiento de toda la documentaci\u00f3n t\u00e9cnica necesaria para cumplir con la normativa vigente y garantizar la obtenci\u00f3n de permisos y licencias. N<strong>uestros servicios incluyen:<\/strong><\/p>\t\t\t\t\t\t\t\t<\/div>\n\t\t\t\t<\/div>\n\t\t\t\t\t<\/div>\n\t\t\t\t<\/div>\n\t\t<div class=\"wd-negative-gap elementor-element elementor-element-0b625e1 e-flex e-con-boxed e-con e-parent\" data-id=\"0b625e1\" data-element_type=\"container\">\n\t\t\t\t\t<div class=\"e-con-inner\">\n\t\t<div class=\"elementor-element elementor-element-313ecff e-con-full e-flex e-con e-child\" data-id=\"313ecff\" data-element_type=\"container\" data-settings=\"{&quot;background_background&quot;:&quot;classic&quot;}\">\n\t\t\t\t<div class=\"elementor-element elementor-element-dbcaff7 elementor-position-top elementor-widget elementor-widget-image-box\" data-id=\"dbcaff7\" data-element_type=\"widget\" data-widget_type=\"image-box.default\">\n\t\t\t\t<div class=\"elementor-widget-container\">\n\t\t\t\t\t<div class=\"elementor-image-box-wrapper\"><figure class=\"elementor-image-box-img\"><img decoding=\"async\" src=\"https:\/\/taubertek.com\/nuevaweb\/wp-content\/uploads\/2024\/12\/documentos-1.png\" title=\"documentos (1)\" alt=\"documentos (1)\" loading=\"lazy\" \/><\/figure><div class=\"elementor-image-box-content\"><h3 class=\"elementor-image-box-title\">Redacci\u00f3n de proyectos<\/h3><\/div><\/div>\t\t\t\t<\/div>\n\t\t\t\t<\/div>\n\t\t\t\t<div class=\"elementor-element elementor-element-193c4ef elementor-widget elementor-widget-wd_list\" data-id=\"193c4ef\" data-element_type=\"widget\" data-widget_type=\"wd_list.default\">\n\t\t\t\t<div class=\"elementor-widget-container\">\n\t\t\t\t\t\t\t\t<link rel=\"stylesheet\" id=\"wd-list-css\" href=\"https:\/\/taubertek.com\/nuevaweb\/wp-content\/themes\/woodmart\/css\/parts\/el-list.min.css?ver=7.6.0\" type=\"text\/css\" media=\"all\" \/> \t\t\t\t\t<ul class=\"wd-list color-scheme- wd-fontsize-xs wd-list-type-icon wd-list-style-rounded wd-justify-left wd-list-shape-icon\">\n\t\t\t\t\t\t\t\t\t\t\t<li class=\"elementor-repeater-item-82603c0\">\n\t\t\t\t\t\t\t\t\t\t\t<svg class=\"list-icon wd-icon e-font-icon-svg e-fas-check\" viewBox=\"0 0 512 512\" xmlns=\"http:\/\/www.w3.org\/2000\/svg\"><path d=\"M173.898 439.404l-166.4-166.4c-9.997-9.997-9.997-26.206 0-36.204l36.203-36.204c9.997-9.998 26.207-9.998 36.204 0L192 312.69 432.095 72.596c9.997-9.997 26.207-9.997 36.204 0l36.203 36.204c9.997 9.997 9.997 26.206 0 36.204l-294.4 294.401c-9.998 9.997-26.207 9.997-36.204-.001z\"><\/path><\/svg>\t\t\t\t\t\n\t\t\t\t\t<span class=\"list-content\">\n\t\t\t\t\t\tElaboraci\u00f3n de proyectos completos (actividad, obras, instalaciones, etc..) y recopilaci\u00f3n de toda la documentaci\u00f3n t\u00e9cnica requerida seg\u00fan las normativas y legislaci\u00f3n aplicables\t\t\t\t\t<\/span>\n\n\t\t\t\t\t\t\t\t\t<\/li>\n\t\t\t\t\t<\/ul>\n\n\t\t\t\t\t\t<\/div>\n\t\t\t\t<\/div>\n\t\t\t\t<\/div>\n\t\t<div class=\"elementor-element elementor-element-466044f e-con-full e-flex e-con e-child\" data-id=\"466044f\" data-element_type=\"container\" data-settings=\"{&quot;background_background&quot;:&quot;classic&quot;}\">\n\t\t\t\t<div class=\"elementor-element elementor-element-b1e211c elementor-position-top elementor-widget elementor-widget-image-box\" data-id=\"b1e211c\" data-element_type=\"widget\" data-widget_type=\"image-box.default\">\n\t\t\t\t<div class=\"elementor-widget-container\">\n\t\t\t\t\t<div class=\"elementor-image-box-wrapper\"><figure class=\"elementor-image-box-img\"><img decoding=\"async\" src=\"https:\/\/taubertek.com\/nuevaweb\/wp-content\/uploads\/2024\/12\/lista-de-verificacion.png\" title=\"lista-de-verificacion\" alt=\"lista-de-verificacion\" loading=\"lazy\" \/><\/figure><div class=\"elementor-image-box-content\"><h3 class=\"elementor-image-box-title\">Gesti\u00f3n administrativa<\/h3><\/div><\/div>\t\t\t\t<\/div>\n\t\t\t\t<\/div>\n\t\t\t\t<div class=\"elementor-element elementor-element-18edd66 elementor-widget elementor-widget-wd_list\" data-id=\"18edd66\" data-element_type=\"widget\" data-widget_type=\"wd_list.default\">\n\t\t\t\t<div class=\"elementor-widget-container\">\n\t\t\t\t\t\t\t<ul class=\"wd-list color-scheme- wd-fontsize-xs wd-list-type-icon wd-list-style-rounded wd-justify-left wd-list-shape-icon\">\n\t\t\t\t\t\t\t\t\t\t\t<li class=\"elementor-repeater-item-82603c0\">\n\t\t\t\t\t\t\t\t\t\t\t<svg class=\"list-icon wd-icon e-font-icon-svg e-fas-check\" viewBox=\"0 0 512 512\" xmlns=\"http:\/\/www.w3.org\/2000\/svg\"><path d=\"M173.898 439.404l-166.4-166.4c-9.997-9.997-9.997-26.206 0-36.204l36.203-36.204c9.997-9.998 26.207-9.998 36.204 0L192 312.69 432.095 72.596c9.997-9.997 26.207-9.997 36.204 0l36.203 36.204c9.997 9.997 9.997 26.206 0 36.204l-294.4 294.401c-9.998 9.997-26.207 9.997-36.204-.001z\"><\/path><\/svg>\t\t\t\t\t\n\t\t\t\t\t<span class=\"list-content\">\n\t\t\t\t\t\tRealizaci\u00f3n de tr\u00e1mites y gestiones frente a las administraciones competentes.\t\t\t\t\t<\/span>\n\n\t\t\t\t\t\t\t\t\t<\/li>\n\t\t\t\t\t\t\t\t\t\t\t<li class=\"elementor-repeater-item-093e75c\">\n\t\t\t\t\t\t\t\t\t\t\t<svg class=\"list-icon wd-icon e-font-icon-svg e-fas-check\" viewBox=\"0 0 512 512\" xmlns=\"http:\/\/www.w3.org\/2000\/svg\"><path d=\"M173.898 439.404l-166.4-166.4c-9.997-9.997-9.997-26.206 0-36.204l36.203-36.204c9.997-9.998 26.207-9.998 36.204 0L192 312.69 432.095 72.596c9.997-9.997 26.207-9.997 36.204 0l36.203 36.204c9.997 9.997 9.997 26.206 0 36.204l-294.4 294.401c-9.998 9.997-26.207 9.997-36.204-.001z\"><\/path><\/svg>\t\t\t\t\t\n\t\t\t\t\t<span class=\"list-content\">\n\t\t\t\t\t\tPresentaci\u00f3n de documentaci\u00f3n y seguimiento continuo hasta la obtenci\u00f3n del permiso o licencia deseada.\t\t\t\t\t<\/span>\n\n\t\t\t\t\t\t\t\t\t<\/li>\n\t\t\t\t\t<\/ul>\n\n\t\t\t\t\t\t<\/div>\n\t\t\t\t<\/div>\n\t\t\t\t<\/div>\n\t\t\t\t\t<\/div>\n\t\t\t\t<\/div>\n\t\t<div class=\"wd-negative-gap elementor-element elementor-element-f01b2a1 e-flex e-con-boxed e-con e-parent\" data-id=\"f01b2a1\" data-element_type=\"container\">\n\t\t\t\t\t<div class=\"e-con-inner\">\n\t\t<div class=\"elementor-element elementor-element-da11a05 e-con-full e-flex e-con e-child\" data-id=\"da11a05\" data-element_type=\"container\" data-settings=\"{&quot;background_background&quot;:&quot;classic&quot;}\">\n\t\t\t\t<div class=\"elementor-element elementor-element-039bc9c elementor-position-top elementor-widget elementor-widget-image-box\" data-id=\"039bc9c\" data-element_type=\"widget\" data-widget_type=\"image-box.default\">\n\t\t\t\t<div class=\"elementor-widget-container\">\n\t\t\t\t\t<div class=\"elementor-image-box-wrapper\"><figure class=\"elementor-image-box-img\"><img decoding=\"async\" src=\"https:\/\/taubertek.com\/nuevaweb\/wp-content\/uploads\/2024\/12\/proyecto.png\" title=\"proyecto\" alt=\"proyecto\" loading=\"lazy\" \/><\/figure><div class=\"elementor-image-box-content\"><h3 class=\"elementor-image-box-title\">Actividades principales<\/h3><\/div><\/div>\t\t\t\t<\/div>\n\t\t\t\t<\/div>\n\t\t\t\t<div class=\"elementor-element elementor-element-0e0187a elementor-widget elementor-widget-wd_list\" data-id=\"0e0187a\" data-element_type=\"widget\" data-widget_type=\"wd_list.default\">\n\t\t\t\t<div class=\"elementor-widget-container\">\n\t\t\t\t\t\t\t<ul class=\"wd-list color-scheme- wd-fontsize-xs wd-list-type-icon wd-list-style-rounded wd-justify-left wd-list-shape-icon\">\n\t\t\t\t\t\t\t\t\t\t\t<li class=\"elementor-repeater-item-82603c0\">\n\t\t\t\t\t\t\t\t\t\t\t<svg class=\"list-icon wd-icon e-font-icon-svg e-fas-check\" viewBox=\"0 0 512 512\" xmlns=\"http:\/\/www.w3.org\/2000\/svg\"><path d=\"M173.898 439.404l-166.4-166.4c-9.997-9.997-9.997-26.206 0-36.204l36.203-36.204c9.997-9.998 26.207-9.998 36.204 0L192 312.69 432.095 72.596c9.997-9.997 26.207-9.997 36.204 0l36.203 36.204c9.997 9.997 9.997 26.206 0 36.204l-294.4 294.401c-9.998 9.997-26.207 9.997-36.204-.001z\"><\/path><\/svg>\t\t\t\t\t\n\t\t\t\t\t<span class=\"list-content\">\n\t\t\t\t\t\t<b>Permisos de obra<\/b>. Tramitaci\u00f3n para obras de diversa \u00edndole.\t\t\t\t\t<\/span>\n\n\t\t\t\t\t\t\t\t\t<\/li>\n\t\t\t\t\t\t\t\t\t\t\t<li class=\"elementor-repeater-item-2203a90\">\n\t\t\t\t\t\t\t\t\t\t\t<svg class=\"list-icon wd-icon e-font-icon-svg e-fas-check\" viewBox=\"0 0 512 512\" xmlns=\"http:\/\/www.w3.org\/2000\/svg\"><path d=\"M173.898 439.404l-166.4-166.4c-9.997-9.997-9.997-26.206 0-36.204l36.203-36.204c9.997-9.998 26.207-9.998 36.204 0L192 312.69 432.095 72.596c9.997-9.997 26.207-9.997 36.204 0l36.203 36.204c9.997 9.997 9.997 26.206 0 36.204l-294.4 294.401c-9.998 9.997-26.207 9.997-36.204-.001z\"><\/path><\/svg>\t\t\t\t\t\n\t\t\t\t\t<span class=\"list-content\">\n\t\t\t\t\t\t<b>Licencias ambientales y de actividad<\/b>. Adaptadas a las necesidades de cada proyecto.\t\t\t\t\t<\/span>\n\n\t\t\t\t\t\t\t\t\t<\/li>\n\t\t\t\t\t\t\t\t\t\t\t<li class=\"elementor-repeater-item-f26af9c\">\n\t\t\t\t\t\t\t\t\t\t\t<svg class=\"list-icon wd-icon e-font-icon-svg e-fas-check\" viewBox=\"0 0 512 512\" xmlns=\"http:\/\/www.w3.org\/2000\/svg\"><path d=\"M173.898 439.404l-166.4-166.4c-9.997-9.997-9.997-26.206 0-36.204l36.203-36.204c9.997-9.998 26.207-9.998 36.204 0L192 312.69 432.095 72.596c9.997-9.997 26.207-9.997 36.204 0l36.203 36.204c9.997 9.997 9.997 26.206 0 36.204l-294.4 294.401c-9.998 9.997-26.207 9.997-36.204-.001z\"><\/path><\/svg>\t\t\t\t\t\n\t\t\t\t\t<span class=\"list-content\">\n\t\t\t\t\t\t<b>Proyectos administrativos contra incendios<\/b> Incluyendo protecci\u00f3n pasiva y activa.\t\t\t\t\t<\/span>\n\n\t\t\t\t\t\t\t\t\t<\/li>\n\t\t\t\t\t\t\t\t\t\t\t<li class=\"elementor-repeater-item-5eee7aa\">\n\t\t\t\t\t\t\t\t\t\t\t<svg class=\"list-icon wd-icon e-font-icon-svg e-fas-check\" viewBox=\"0 0 512 512\" xmlns=\"http:\/\/www.w3.org\/2000\/svg\"><path d=\"M173.898 439.404l-166.4-166.4c-9.997-9.997-9.997-26.206 0-36.204l36.203-36.204c9.997-9.998 26.207-9.998 36.204 0L192 312.69 432.095 72.596c9.997-9.997 26.207-9.997 36.204 0l36.203 36.204c9.997 9.997 9.997 26.206 0 36.204l-294.4 294.401c-9.998 9.997-26.207 9.997-36.204-.001z\"><\/path><\/svg>\t\t\t\t\t\n\t\t\t\t\t<span class=\"list-content\">\n\t\t\t\t\t\t<b>Auditor\u00edas t\u00e9cnicas y legales<\/b>. Verificaci\u00f3n del cumplimiento normativo en materia de seguridad contra incendios.\t\t\t\t\t<\/span>\n\n\t\t\t\t\t\t\t\t\t<\/li>\n\t\t\t\t\t<\/ul>\n\n\t\t\t\t\t\t<\/div>\n\t\t\t\t<\/div>\n\t\t\t\t<\/div>\n\t\t\t\t\t<\/div>\n\t\t\t\t<\/div>\n\t\t<div class=\"wd-negative-gap elementor-element elementor-element-8397ca7 e-flex e-con-boxed e-con e-parent\" data-id=\"8397ca7\" data-element_type=\"container\">\n\t\t\t\t\t<div class=\"e-con-inner\">\n\t\t\t\t<div class=\"elementor-element elementor-element-e32a7ed text-center color-scheme-inherit elementor-widget elementor-widget-text-editor\" data-id=\"e32a7ed\" data-element_type=\"widget\" data-widget_type=\"text-editor.default\">\n\t\t\t\t<div class=\"elementor-widget-container\">\n\t\t\t\t\t\t\t\t\t<p>Con nuestro conocimiento y experiencia, garantizamos un proceso \u00e1gil y eficiente en la obtenci\u00f3n de permisos y licencias, asegurando el cumplimiento de todas las regulaciones aplicables.<\/p>\t\t\t\t\t\t\t\t<\/div>\n\t\t\t\t<\/div>\n\t\t\t\t\t<\/div>\n\t\t\t\t<\/div>\n\t\t\t\t<\/div>\n\t\t","protected":false},"excerpt":{"rendered":"<p>Gesti\u00f3n de Permisos y Licencias En Taubertek, nos encargamos de la redacci\u00f3n, tramitaci\u00f3n y seguimiento de toda la documentaci\u00f3n t\u00e9cnica<\/p>\n","protected":false},"author":1,"featured_media":0,"parent":0,"menu_order":0,"comment_status":"closed","ping_status":"closed","template":"","meta":{"footnotes":""},"class_list":["post-21298","page","type-page","status-publish","hentry"],"_links":{"self":[{"href":"https:\/\/taubertek.com\/nuevaweb\/wp-json\/wp\/v2\/pages\/21298","targetHints":{"allow":["GET"]}}],"collection":[{"href":"https:\/\/taubertek.com\/nuevaweb\/wp-json\/wp\/v2\/pages"}],"about":[{"href":"https:\/\/taubertek.com\/nuevaweb\/wp-json\/wp\/v2\/types\/page"}],"author":[{"embeddable":true,"href":"https:\/\/taubertek.com\/nuevaweb\/wp-json\/wp\/v2\/users\/1"}],"replies":[{"embeddable":true,"href":"https:\/\/taubertek.com\/nuevaweb\/wp-json\/wp\/v2\/comments?post=21298"}],"version-history":[{"count":16,"href":"https:\/\/taubertek.com\/nuevaweb\/wp-json\/wp\/v2\/pages\/21298\/revisions"}],"predecessor-version":[{"id":21471,"href":"https:\/\/taubertek.com\/nuevaweb\/wp-json\/wp\/v2\/pages\/21298\/revisions\/21471"}],"wp:attachment":[{"href":"https:\/\/taubertek.com\/nuevaweb\/wp-json\/wp\/v2\/media?parent=21298"}],"curies":[{"name":"wp","href":"https:\/\/api.w.org\/{rel}","templated":true}]}}