{"id":21322,"date":"2025-01-07T15:07:30","date_gmt":"2025-01-07T15:07:30","guid":{"rendered":"https:\/\/www.taubertek.com\/nuevaweb\/?page_id=21322"},"modified":"2025-01-07T15:12:36","modified_gmt":"2025-01-07T15:12:36","slug":"manual-de-autoproteccion","status":"publish","type":"page","link":"https:\/\/taubertek.com\/nuevaweb\/manual-de-autoproteccion\/","title":{"rendered":"Manual de Autoprotecci\u00f3n"},"content":{"rendered":"\t\t<div data-elementor-type=\"wp-page\" data-elementor-id=\"21322\" class=\"elementor elementor-21322\">\n\t\t\t\t<div class=\"wd-negative-gap elementor-element elementor-element-1c90c3f wd-section-stretch e-flex e-con-boxed e-con e-parent\" data-id=\"1c90c3f\" data-element_type=\"container\" data-settings=\"{&quot;background_background&quot;:&quot;classic&quot;}\">\n\t\t\t\t\t<div class=\"e-con-inner\">\n\t\t\t\t<div class=\"elementor-element elementor-element-5d57672 elementor-widget__width-initial elementor-widget-tablet__width-inherit wd-width-100 elementor-widget elementor-widget-wd_title\" data-id=\"5d57672\" data-element_type=\"widget\" data-widget_type=\"wd_title.default\">\n\t\t\t\t<div class=\"elementor-widget-container\">\n\t\t\t\t\t\t\t\t<link rel=\"stylesheet\" id=\"wd-section-title-css\" href=\"https:\/\/taubertek.com\/nuevaweb\/wp-content\/themes\/woodmart\/css\/parts\/el-section-title.min.css?ver=7.6.0\" type=\"text\/css\" media=\"all\" \/> \t\t\t\t\t<div class=\"title-wrapper set-mb-s reset-last-child wd-title-color-primary wd-title-style-default wd-title-size-large text-left\">\n\n\t\t\t\n\t\t\t<div class=\"liner-continer\">\n\t\t\t\t<h1 class=\"woodmart-title-container title wd-fontsize-xxl\">Manual de Autoprotecci\u00f3n<\/h1> \n\t\t\t\t\t\t\t<\/div>\n\n\t\t\t\t\t<\/div>\n\t\t\t\t\t\t<\/div>\n\t\t\t\t<\/div>\n\t\t\t\t<div class=\"elementor-element elementor-element-647791b elementor-widget elementor-widget-image\" data-id=\"647791b\" data-element_type=\"widget\" data-widget_type=\"image.default\">\n\t\t\t\t<div class=\"elementor-widget-container\">\n\t\t\t\t\t\t\t\t\t\t\t\t\t\t\t<img decoding=\"async\" src=\"https:\/\/taubertek.com\/nuevaweb\/wp-content\/uploads\/2024\/12\/taubertek-cuad-150x150-1.png\" title=\"taubertek-cuad-150&#215;150\" alt=\"taubertek-cuad-150x150\" loading=\"lazy\" \/>\t\t\t\t\t\t\t\t\t\t\t\t\t\t\t<\/div>\n\t\t\t\t<\/div>\n\t\t\t\t\t<\/div>\n\t\t\t\t<\/div>\n\t\t<div class=\"wd-negative-gap elementor-element elementor-element-8a3578f e-flex e-con-boxed e-con e-parent\" data-id=\"8a3578f\" data-element_type=\"container\">\n\t\t\t\t\t<div class=\"e-con-inner\">\n\t\t\t\t<div class=\"elementor-element elementor-element-c539371 text-center color-scheme-inherit elementor-widget elementor-widget-text-editor\" data-id=\"c539371\" data-element_type=\"widget\" data-widget_type=\"text-editor.default\">\n\t\t\t\t<div class=\"elementor-widget-container\">\n\t\t\t\t\t\t\t\t\t<p>En <strong>Taubertek<\/strong>, ofrecemos un servicio integral para la elaboraci\u00f3n y gesti\u00f3n de Manuales de Autoprotecci\u00f3n, cumpliendo con todas las normativas vigentes y garantizando la seguridad de sus instalaciones y actividades.\u00a0 <strong>Nuestros servicios incluyen:<\/strong><\/p>\t\t\t\t\t\t\t\t<\/div>\n\t\t\t\t<\/div>\n\t\t\t\t\t<\/div>\n\t\t\t\t<\/div>\n\t\t<div class=\"wd-negative-gap elementor-element elementor-element-0b625e1 e-flex e-con-boxed e-con e-parent\" data-id=\"0b625e1\" data-element_type=\"container\">\n\t\t\t\t\t<div class=\"e-con-inner\">\n\t\t<div class=\"elementor-element elementor-element-313ecff e-con-full e-flex e-con e-child\" data-id=\"313ecff\" data-element_type=\"container\" data-settings=\"{&quot;background_background&quot;:&quot;classic&quot;}\">\n\t\t\t\t<div class=\"elementor-element elementor-element-dbcaff7 elementor-position-top elementor-widget elementor-widget-image-box\" data-id=\"dbcaff7\" data-element_type=\"widget\" data-widget_type=\"image-box.default\">\n\t\t\t\t<div class=\"elementor-widget-container\">\n\t\t\t\t\t<div class=\"elementor-image-box-wrapper\"><figure class=\"elementor-image-box-img\"><img decoding=\"async\" src=\"https:\/\/taubertek.com\/nuevaweb\/wp-content\/uploads\/2024\/12\/numero-1.png\" title=\"numero-1\" alt=\"numero-1\" loading=\"lazy\" \/><\/figure><div class=\"elementor-image-box-content\"><p class=\"elementor-image-box-description\"><B>Redacci\u00f3n del Manual:<\/b><\/p><\/div><\/div>\t\t\t\t<\/div>\n\t\t\t\t<\/div>\n\t\t\t\t<div class=\"elementor-element elementor-element-193c4ef elementor-widget elementor-widget-wd_list\" data-id=\"193c4ef\" data-element_type=\"widget\" data-widget_type=\"wd_list.default\">\n\t\t\t\t<div class=\"elementor-widget-container\">\n\t\t\t\t\t\t\t\t<link rel=\"stylesheet\" id=\"wd-list-css\" href=\"https:\/\/taubertek.com\/nuevaweb\/wp-content\/themes\/woodmart\/css\/parts\/el-list.min.css?ver=7.6.0\" type=\"text\/css\" media=\"all\" \/> \t\t\t\t\t<ul class=\"wd-list color-scheme- wd-fontsize-xs wd-list-type-icon wd-list-style-rounded wd-justify-left wd-list-shape-icon\">\n\t\t\t\t\t\t\t\t\t\t\t<li class=\"elementor-repeater-item-82603c0\">\n\t\t\t\t\t\t\t\t\t\t\t<svg class=\"list-icon wd-icon e-font-icon-svg e-fas-check\" viewBox=\"0 0 512 512\" xmlns=\"http:\/\/www.w3.org\/2000\/svg\"><path d=\"M173.898 439.404l-166.4-166.4c-9.997-9.997-9.997-26.206 0-36.204l36.203-36.204c9.997-9.998 26.207-9.998 36.204 0L192 312.69 432.095 72.596c9.997-9.997 26.207-9.997 36.204 0l36.203 36.204c9.997 9.997 9.997 26.206 0 36.204l-294.4 294.401c-9.998 9.997-26.207 9.997-36.204-.001z\"><\/path><\/svg>\t\t\t\t\t\n\t\t\t\t\t<span class=\"list-content\">\n\t\t\t\t\t\t<b>Elaboraci\u00f3n completa del Manual de Autoprotecci\u00f3n<\/b>, adaptado a las necesidades espec\u00edficas de su instalaci\u00f3n o actividad.\t\t\t\t\t<\/span>\n\n\t\t\t\t\t\t\t\t\t<\/li>\n\t\t\t\t\t\t\t\t\t\t\t<li class=\"elementor-repeater-item-2203a90\">\n\t\t\t\t\t\t\t\t\t\t\t<svg class=\"list-icon wd-icon e-font-icon-svg e-fas-check\" viewBox=\"0 0 512 512\" xmlns=\"http:\/\/www.w3.org\/2000\/svg\"><path d=\"M173.898 439.404l-166.4-166.4c-9.997-9.997-9.997-26.206 0-36.204l36.203-36.204c9.997-9.998 26.207-9.998 36.204 0L192 312.69 432.095 72.596c9.997-9.997 26.207-9.997 36.204 0l36.203 36.204c9.997 9.997 9.997 26.206 0 36.204l-294.4 294.401c-9.998 9.997-26.207 9.997-36.204-.001z\"><\/path><\/svg>\t\t\t\t\t\n\t\t\t\t\t<span class=\"list-content\">\n\t\t\t\t\t\t<b>Cumplimiento con la normativa<\/b> establecida por las autoridades competentes.\t\t\t\t\t<\/span>\n\n\t\t\t\t\t\t\t\t\t<\/li>\n\t\t\t\t\t<\/ul>\n\n\t\t\t\t\t\t<\/div>\n\t\t\t\t<\/div>\n\t\t\t\t<\/div>\n\t\t<div class=\"elementor-element elementor-element-466044f e-con-full e-flex e-con e-child\" data-id=\"466044f\" data-element_type=\"container\" data-settings=\"{&quot;background_background&quot;:&quot;classic&quot;}\">\n\t\t\t\t<div class=\"elementor-element elementor-element-b1e211c elementor-position-top elementor-widget elementor-widget-image-box\" data-id=\"b1e211c\" data-element_type=\"widget\" data-widget_type=\"image-box.default\">\n\t\t\t\t<div class=\"elementor-widget-container\">\n\t\t\t\t\t<div class=\"elementor-image-box-wrapper\"><figure class=\"elementor-image-box-img\"><img decoding=\"async\" src=\"https:\/\/taubertek.com\/nuevaweb\/wp-content\/uploads\/2024\/12\/numero-2.png\" title=\"numero-2\" alt=\"numero-2\" loading=\"lazy\" \/><\/figure><div class=\"elementor-image-box-content\"><p class=\"elementor-image-box-description\"><b>Tramitaci\u00f3n administrativa<\/b><\/p><\/div><\/div>\t\t\t\t<\/div>\n\t\t\t\t<\/div>\n\t\t\t\t<div class=\"elementor-element elementor-element-18edd66 elementor-widget elementor-widget-wd_list\" data-id=\"18edd66\" data-element_type=\"widget\" data-widget_type=\"wd_list.default\">\n\t\t\t\t<div class=\"elementor-widget-container\">\n\t\t\t\t\t\t\t<ul class=\"wd-list color-scheme- wd-fontsize-xs wd-list-type-icon wd-list-style-rounded wd-justify-left wd-list-shape-icon\">\n\t\t\t\t\t\t\t\t\t\t\t<li class=\"elementor-repeater-item-82603c0\">\n\t\t\t\t\t\t\t\t\t\t\t<svg class=\"list-icon wd-icon e-font-icon-svg e-fas-check\" viewBox=\"0 0 512 512\" xmlns=\"http:\/\/www.w3.org\/2000\/svg\"><path d=\"M173.898 439.404l-166.4-166.4c-9.997-9.997-9.997-26.206 0-36.204l36.203-36.204c9.997-9.998 26.207-9.998 36.204 0L192 312.69 432.095 72.596c9.997-9.997 26.207-9.997 36.204 0l36.203 36.204c9.997 9.997 9.997 26.206 0 36.204l-294.4 294.401c-9.998 9.997-26.207 9.997-36.204-.001z\"><\/path><\/svg>\t\t\t\t\t\n\t\t\t\t\t<span class=\"list-content\">\n\t\t\t\t\t\t<b>Gesti\u00f3n del proceso de presentaci\u00f3n y aprobaci\u00f3n del Manual<\/b> ante la administraci\u00f3n competente.\t\t\t\t\t<\/span>\n\n\t\t\t\t\t\t\t\t\t<\/li>\n\t\t\t\t\t\t\t\t\t\t\t<li class=\"elementor-repeater-item-2203a90\">\n\t\t\t\t\t\t\t\t\t\t\t<svg class=\"list-icon wd-icon e-font-icon-svg e-fas-check\" viewBox=\"0 0 512 512\" xmlns=\"http:\/\/www.w3.org\/2000\/svg\"><path d=\"M173.898 439.404l-166.4-166.4c-9.997-9.997-9.997-26.206 0-36.204l36.203-36.204c9.997-9.998 26.207-9.998 36.204 0L192 312.69 432.095 72.596c9.997-9.997 26.207-9.997 36.204 0l36.203 36.204c9.997 9.997 9.997 26.206 0 36.204l-294.4 294.401c-9.998 9.997-26.207 9.997-36.204-.001z\"><\/path><\/svg>\t\t\t\t\t\n\t\t\t\t\t<span class=\"list-content\">\n\t\t\t\t\t\t<b>Seguimiento de los tr\u00e1mites<\/b> hasta la obtenci\u00f3n de la validaci\u00f3n oficial.\t\t\t\t\t<\/span>\n\n\t\t\t\t\t\t\t\t\t<\/li>\n\t\t\t\t\t<\/ul>\n\n\t\t\t\t\t\t<\/div>\n\t\t\t\t<\/div>\n\t\t\t\t<\/div>\n\t\t<div class=\"elementor-element elementor-element-9ac45fd e-con-full e-flex e-con e-child\" data-id=\"9ac45fd\" data-element_type=\"container\" data-settings=\"{&quot;background_background&quot;:&quot;classic&quot;}\">\n\t\t\t\t<div class=\"elementor-element elementor-element-a6a46fd elementor-position-top elementor-widget elementor-widget-image-box\" data-id=\"a6a46fd\" data-element_type=\"widget\" data-widget_type=\"image-box.default\">\n\t\t\t\t<div class=\"elementor-widget-container\">\n\t\t\t\t\t<div class=\"elementor-image-box-wrapper\"><figure class=\"elementor-image-box-img\"><img decoding=\"async\" src=\"https:\/\/taubertek.com\/nuevaweb\/wp-content\/uploads\/2024\/12\/numero-3.png\" title=\"numero-3\" alt=\"numero-3\" loading=\"lazy\" \/><\/figure><div class=\"elementor-image-box-content\"><p class=\"elementor-image-box-description\"><b>Implementaci\u00f3n y seguimiento<\/b><\/p><\/div><\/div>\t\t\t\t<\/div>\n\t\t\t\t<\/div>\n\t\t\t\t<div class=\"elementor-element elementor-element-ddfd857 elementor-widget elementor-widget-wd_list\" data-id=\"ddfd857\" data-element_type=\"widget\" data-widget_type=\"wd_list.default\">\n\t\t\t\t<div class=\"elementor-widget-container\">\n\t\t\t\t\t\t\t<ul class=\"wd-list color-scheme- wd-fontsize-xs wd-list-type-icon wd-list-style-rounded wd-justify-left wd-list-shape-icon\">\n\t\t\t\t\t\t\t\t\t\t\t<li class=\"elementor-repeater-item-82603c0\">\n\t\t\t\t\t\t\t\t\t\t\t<svg class=\"list-icon wd-icon e-font-icon-svg e-fas-check\" viewBox=\"0 0 512 512\" xmlns=\"http:\/\/www.w3.org\/2000\/svg\"><path d=\"M173.898 439.404l-166.4-166.4c-9.997-9.997-9.997-26.206 0-36.204l36.203-36.204c9.997-9.998 26.207-9.998 36.204 0L192 312.69 432.095 72.596c9.997-9.997 26.207-9.997 36.204 0l36.203 36.204c9.997 9.997 9.997 26.206 0 36.204l-294.4 294.401c-9.998 9.997-26.207 9.997-36.204-.001z\"><\/path><\/svg>\t\t\t\t\t\n\t\t\t\t\t<span class=\"list-content\">\n\t\t\t\t\t\t<b>Apoyo en la puesta en marcha<\/b> de las medidas de autoprotecci\u00f3n definidas.\t\t\t\t\t<\/span>\n\n\t\t\t\t\t\t\t\t\t<\/li>\n\t\t\t\t\t\t\t\t\t\t\t<li class=\"elementor-repeater-item-2203a90\">\n\t\t\t\t\t\t\t\t\t\t\t<svg class=\"list-icon wd-icon e-font-icon-svg e-fas-check\" viewBox=\"0 0 512 512\" xmlns=\"http:\/\/www.w3.org\/2000\/svg\"><path d=\"M173.898 439.404l-166.4-166.4c-9.997-9.997-9.997-26.206 0-36.204l36.203-36.204c9.997-9.998 26.207-9.998 36.204 0L192 312.69 432.095 72.596c9.997-9.997 26.207-9.997 36.204 0l36.203 36.204c9.997 9.997 9.997 26.206 0 36.204l-294.4 294.401c-9.998 9.997-26.207 9.997-36.204-.001z\"><\/path><\/svg>\t\t\t\t\t\n\t\t\t\t\t<span class=\"list-content\">\n\t\t\t\t\t\t<b>Seguimiento continuo<\/b> para garantizar su correcta implementaci\u00f3n.\t\t\t\t\t<\/span>\n\n\t\t\t\t\t\t\t\t\t<\/li>\n\t\t\t\t\t<\/ul>\n\n\t\t\t\t\t\t<\/div>\n\t\t\t\t<\/div>\n\t\t\t\t<\/div>\n\t\t\t\t\t<\/div>\n\t\t\t\t<\/div>\n\t\t<div class=\"wd-negative-gap elementor-element elementor-element-5a5c36d e-flex e-con-boxed e-con e-parent\" data-id=\"5a5c36d\" data-element_type=\"container\">\n\t\t\t\t\t<div class=\"e-con-inner\">\n\t\t\t\t<div class=\"elementor-element elementor-element-fab62fb text-center color-scheme-inherit elementor-widget elementor-widget-text-editor\" data-id=\"fab62fb\" data-element_type=\"widget\" data-widget_type=\"text-editor.default\">\n\t\t\t\t<div class=\"elementor-widget-container\">\n\t\t\t\t\t\t\t\t\t<h4>Acreditaci\u00f3n oficial<\/h4><p>Contamos con la preceptiva acreditaci\u00f3n otorgada por la <strong>Generalitat de Catalunya<\/strong>, lo que nos habilita para la redacci\u00f3n y gesti\u00f3n de Manuales de Autoprotecci\u00f3n con total garant\u00eda.<\/p><p>Conf\u00ede en nuestra experiencia para cumplir con los requisitos legales y asegurar la protecci\u00f3n de su organizaci\u00f3n frente a cualquier eventualidad.<\/p>\t\t\t\t\t\t\t\t<\/div>\n\t\t\t\t<\/div>\n\t\t\t\t\t<\/div>\n\t\t\t\t<\/div>\n\t\t\t\t<\/div>\n\t\t","protected":false},"excerpt":{"rendered":"<p>Manual de Autoprotecci\u00f3n En Taubertek, ofrecemos un servicio integral para la elaboraci\u00f3n y gesti\u00f3n de Manuales de Autoprotecci\u00f3n, cumpliendo con<\/p>\n","protected":false},"author":1,"featured_media":0,"parent":0,"menu_order":0,"comment_status":"closed","ping_status":"closed","template":"","meta":{"footnotes":""},"class_list":["post-21322","page","type-page","status-publish","hentry"],"_links":{"self":[{"href":"https:\/\/taubertek.com\/nuevaweb\/wp-json\/wp\/v2\/pages\/21322","targetHints":{"allow":["GET"]}}],"collection":[{"href":"https:\/\/taubertek.com\/nuevaweb\/wp-json\/wp\/v2\/pages"}],"about":[{"href":"https:\/\/taubertek.com\/nuevaweb\/wp-json\/wp\/v2\/types\/page"}],"author":[{"embeddable":true,"href":"https:\/\/taubertek.com\/nuevaweb\/wp-json\/wp\/v2\/users\/1"}],"replies":[{"embeddable":true,"href":"https:\/\/taubertek.com\/nuevaweb\/wp-json\/wp\/v2\/comments?post=21322"}],"version-history":[{"count":4,"href":"https:\/\/taubertek.com\/nuevaweb\/wp-json\/wp\/v2\/pages\/21322\/revisions"}],"predecessor-version":[{"id":21327,"href":"https:\/\/taubertek.com\/nuevaweb\/wp-json\/wp\/v2\/pages\/21322\/revisions\/21327"}],"wp:attachment":[{"href":"https:\/\/taubertek.com\/nuevaweb\/wp-json\/wp\/v2\/media?parent=21322"}],"curies":[{"name":"wp","href":"https:\/\/api.w.org\/{rel}","templated":true}]}}