{"id":21431,"date":"2025-01-08T13:28:37","date_gmt":"2025-01-08T13:28:37","guid":{"rendered":"https:\/\/www.taubertek.com\/nuevaweb\/?page_id=21431"},"modified":"2025-02-26T07:59:01","modified_gmt":"2025-02-26T07:59:01","slug":"sobre-nosotros","status":"publish","type":"page","link":"https:\/\/taubertek.com\/nuevaweb\/sobre-nosotros\/","title":{"rendered":"Sobre Nosotros"},"content":{"rendered":"\t\t<div data-elementor-type=\"wp-page\" data-elementor-id=\"21431\" class=\"elementor elementor-21431\">\n\t\t\t\t<div class=\"wd-negative-gap elementor-element elementor-element-1c90c3f wd-section-stretch e-flex e-con-boxed e-con e-parent\" data-id=\"1c90c3f\" data-element_type=\"container\" data-settings=\"{&quot;background_background&quot;:&quot;classic&quot;}\">\n\t\t\t\t\t<div class=\"e-con-inner\">\n\t\t\t\t<div class=\"elementor-element elementor-element-5d57672 elementor-widget__width-initial elementor-widget-tablet__width-inherit wd-width-100 elementor-widget elementor-widget-wd_title\" data-id=\"5d57672\" data-element_type=\"widget\" data-widget_type=\"wd_title.default\">\n\t\t\t\t<div class=\"elementor-widget-container\">\n\t\t\t\t\t\t\t\t<link rel=\"stylesheet\" id=\"wd-section-title-css\" href=\"https:\/\/taubertek.com\/nuevaweb\/wp-content\/themes\/woodmart\/css\/parts\/el-section-title.min.css?ver=7.6.0\" type=\"text\/css\" media=\"all\" \/> \t\t\t\t\t<div class=\"title-wrapper set-mb-s reset-last-child wd-title-color-primary wd-title-style-default wd-title-size-large text-left\">\n\n\t\t\t\n\t\t\t<div class=\"liner-continer\">\n\t\t\t\t<h1 class=\"woodmart-title-container title wd-fontsize-xxl\">Sobre Nosotros<\/h1> \n\t\t\t\t\t\t\t<\/div>\n\n\t\t\t\t\t<\/div>\n\t\t\t\t\t\t<\/div>\n\t\t\t\t<\/div>\n\t\t\t\t<div class=\"elementor-element elementor-element-647791b elementor-widget elementor-widget-image\" data-id=\"647791b\" data-element_type=\"widget\" data-widget_type=\"image.default\">\n\t\t\t\t<div class=\"elementor-widget-container\">\n\t\t\t\t\t\t\t\t\t\t\t\t\t\t\t<img decoding=\"async\" src=\"https:\/\/taubertek.com\/nuevaweb\/wp-content\/uploads\/2024\/12\/taubertek-cuad-150x150-1.png\" title=\"taubertek-cuad-150&#215;150\" alt=\"taubertek-cuad-150x150\" loading=\"lazy\" \/>\t\t\t\t\t\t\t\t\t\t\t\t\t\t\t<\/div>\n\t\t\t\t<\/div>\n\t\t\t\t\t<\/div>\n\t\t\t\t<\/div>\n\t\t<div class=\"wd-negative-gap elementor-element elementor-element-8a3578f e-flex e-con-boxed e-con e-parent\" data-id=\"8a3578f\" data-element_type=\"container\">\n\t\t\t\t\t<div class=\"e-con-inner\">\n\t\t\t\t<div class=\"elementor-element elementor-element-c539371 text-center color-scheme-inherit elementor-widget elementor-widget-text-editor\" data-id=\"c539371\" data-element_type=\"widget\" data-widget_type=\"text-editor.default\">\n\t\t\t\t<div class=\"elementor-widget-container\">\n\t\t\t\t\t\t\t\t\t<p>En <strong>Taubertek 360, S.L.<\/strong>, somos una sociedad limitada fundada en 2013, dedicada al desarrollo de proyectos de ingenier\u00eda en una amplia variedad de disciplinas, eficiencia energ\u00e9tica y formaci\u00f3n. Nuestro enfoque integral nos permite abordar cada proyecto con la calidad, el compromiso y la personalizaci\u00f3n que nuestros clientes necesitan.<\/p>\t\t\t\t\t\t\t\t<\/div>\n\t\t\t\t<\/div>\n\t\t\t\t<div class=\"elementor-element elementor-element-74cffd5 color-scheme-inherit text-left elementor-widget elementor-widget-text-editor\" data-id=\"74cffd5\" data-element_type=\"widget\" data-widget_type=\"text-editor.default\">\n\t\t\t\t<div class=\"elementor-widget-container\">\n\t\t\t\t\t\t\t\t\t<p>\u00c1reas de actuaci\u00f3n<\/p>\t\t\t\t\t\t\t\t<\/div>\n\t\t\t\t<\/div>\n\t\t\t\t<div class=\"elementor-element elementor-element-0aacb79 text-center color-scheme-inherit elementor-widget elementor-widget-text-editor\" data-id=\"0aacb79\" data-element_type=\"widget\" data-widget_type=\"text-editor.default\">\n\t\t\t\t<div class=\"elementor-widget-container\">\n\t\t\t\t\t\t\t\t\t<p>Por extensi\u00f3n de necesidades de servicios de nuestros clientes y su confianza depositada la empresa inicio en al a\u00f1o 2017 la actividad de ejecuci\u00f3n de instalaci\u00f3nes de tipolog\u00eda variada; electricidad, climatizaci\u00f3n, fontaner\u00eda y gas.<\/p><p>Trabajamos en m\u00faltiples campos para ofrecer soluciones completas y efectivas.<\/p><p>\u00a0<\/p>\t\t\t\t\t\t\t\t<\/div>\n\t\t\t\t<\/div>\n\t\t\t\t\t<\/div>\n\t\t\t\t<\/div>\n\t\t<div class=\"wd-negative-gap elementor-element elementor-element-0b625e1 e-flex e-con-boxed e-con e-parent\" data-id=\"0b625e1\" data-element_type=\"container\">\n\t\t\t\t\t<div class=\"e-con-inner\">\n\t\t<div class=\"elementor-element elementor-element-313ecff e-con-full e-flex e-con e-child\" data-id=\"313ecff\" data-element_type=\"container\" data-settings=\"{&quot;background_background&quot;:&quot;classic&quot;}\">\n\t\t\t\t<div class=\"elementor-element elementor-element-dbcaff7 elementor-position-top elementor-widget elementor-widget-image-box\" data-id=\"dbcaff7\" data-element_type=\"widget\" data-widget_type=\"image-box.default\">\n\t\t\t\t<div class=\"elementor-widget-container\">\n\t\t\t\t\t<div class=\"elementor-image-box-wrapper\"><figure class=\"elementor-image-box-img\"><img decoding=\"async\" src=\"https:\/\/taubertek.com\/nuevaweb\/wp-content\/uploads\/2024\/12\/numero-1.png\" title=\"numero-1\" alt=\"numero-1\" loading=\"lazy\" \/><\/figure><div class=\"elementor-image-box-content\"><p class=\"elementor-image-box-description\"><B>Proyectos integrales<\/b> de instalaciones: el\u00e9ctricas, climatizaci\u00f3n, contra incendios, fontaner\u00eda, saneamiento, almacenaje de productos qu\u00edmicos, aparatos a presi\u00f3n, entre otros.<\/p><\/div><\/div>\t\t\t\t<\/div>\n\t\t\t\t<\/div>\n\t\t\t\t<\/div>\n\t\t<div class=\"elementor-element elementor-element-466044f e-con-full e-flex e-con e-child\" data-id=\"466044f\" data-element_type=\"container\" data-settings=\"{&quot;background_background&quot;:&quot;classic&quot;}\">\n\t\t\t\t<div class=\"elementor-element elementor-element-b1e211c elementor-position-top elementor-widget elementor-widget-image-box\" data-id=\"b1e211c\" data-element_type=\"widget\" data-widget_type=\"image-box.default\">\n\t\t\t\t<div class=\"elementor-widget-container\">\n\t\t\t\t\t<div class=\"elementor-image-box-wrapper\"><figure class=\"elementor-image-box-img\"><img decoding=\"async\" src=\"https:\/\/taubertek.com\/nuevaweb\/wp-content\/uploads\/2024\/12\/numero-2.png\" title=\"numero-2\" alt=\"numero-2\" loading=\"lazy\" \/><\/figure><div class=\"elementor-image-box-content\"><p class=\"elementor-image-box-description\"><b>Auditor\u00edas de Eficiencia Energ\u00e9tica<\/b> y certificaci\u00f3n energ\u00e9tica para edificios nuevos y existentes.\n<\/p><\/div><\/div>\t\t\t\t<\/div>\n\t\t\t\t<\/div>\n\t\t\t\t<\/div>\n\t\t<div class=\"elementor-element elementor-element-9ac45fd e-con-full e-flex e-con e-child\" data-id=\"9ac45fd\" data-element_type=\"container\" data-settings=\"{&quot;background_background&quot;:&quot;classic&quot;}\">\n\t\t\t\t<div class=\"elementor-element elementor-element-a6a46fd elementor-position-top elementor-widget elementor-widget-image-box\" data-id=\"a6a46fd\" data-element_type=\"widget\" data-widget_type=\"image-box.default\">\n\t\t\t\t<div class=\"elementor-widget-container\">\n\t\t\t\t\t<div class=\"elementor-image-box-wrapper\"><figure class=\"elementor-image-box-img\"><img decoding=\"async\" src=\"https:\/\/taubertek.com\/nuevaweb\/wp-content\/uploads\/2024\/12\/numero-3.png\" title=\"numero-3\" alt=\"numero-3\" loading=\"lazy\" \/><\/figure><div class=\"elementor-image-box-content\"><p class=\"elementor-image-box-description\"><b>Proyectos de Licencia Ambiental y de Obra Civil<\/b>, incluyendo el c\u00e1lculo de estructuras.\n<\/p><\/div><\/div>\t\t\t\t<\/div>\n\t\t\t\t<\/div>\n\t\t\t\t<\/div>\n\t\t\t\t\t<\/div>\n\t\t\t\t<\/div>\n\t\t<div class=\"wd-negative-gap elementor-element elementor-element-ecdd518 e-flex e-con-boxed e-con e-parent\" data-id=\"ecdd518\" data-element_type=\"container\">\n\t\t\t\t\t<div class=\"e-con-inner\">\n\t\t<div class=\"elementor-element elementor-element-8f1d401 e-con-full e-flex e-con e-child\" data-id=\"8f1d401\" data-element_type=\"container\" data-settings=\"{&quot;background_background&quot;:&quot;classic&quot;}\">\n\t\t\t\t<div class=\"elementor-element elementor-element-a598738 elementor-position-top elementor-widget elementor-widget-image-box\" data-id=\"a598738\" data-element_type=\"widget\" data-widget_type=\"image-box.default\">\n\t\t\t\t<div class=\"elementor-widget-container\">\n\t\t\t\t\t<div class=\"elementor-image-box-wrapper\"><figure class=\"elementor-image-box-img\"><img decoding=\"async\" src=\"https:\/\/taubertek.com\/nuevaweb\/wp-content\/uploads\/2024\/12\/numero-4.png\" title=\"numero-4\" alt=\"numero-4\" loading=\"lazy\" \/><\/figure><div class=\"elementor-image-box-content\"><p class=\"elementor-image-box-description\"><B>Servicios de delineaci\u00f3n<\/b> para el dise\u00f1o t\u00e9cnico de proyectos.<\/p><\/div><\/div>\t\t\t\t<\/div>\n\t\t\t\t<\/div>\n\t\t\t\t<\/div>\n\t\t<div class=\"elementor-element elementor-element-04a6065 e-con-full e-flex e-con e-child\" data-id=\"04a6065\" data-element_type=\"container\" data-settings=\"{&quot;background_background&quot;:&quot;classic&quot;}\">\n\t\t\t\t<div class=\"elementor-element elementor-element-0310854 elementor-position-top elementor-widget elementor-widget-image-box\" data-id=\"0310854\" data-element_type=\"widget\" data-widget_type=\"image-box.default\">\n\t\t\t\t<div class=\"elementor-widget-container\">\n\t\t\t\t\t<div class=\"elementor-image-box-wrapper\"><figure class=\"elementor-image-box-img\"><img decoding=\"async\" src=\"https:\/\/taubertek.com\/nuevaweb\/wp-content\/uploads\/2024\/12\/numero-5.png\" title=\"numero-5\" alt=\"numero-5\" loading=\"lazy\" \/><\/figure><div class=\"elementor-image-box-content\"><p class=\"elementor-image-box-description\"><b>Direcci\u00f3n facultativa y ejecutiva, Coordinaci\u00f3n de Seguridad y Salud<\/b> en obras y proyectos.\n\n<\/p><\/div><\/div>\t\t\t\t<\/div>\n\t\t\t\t<\/div>\n\t\t\t\t<\/div>\n\t\t<div class=\"elementor-element elementor-element-1456602 e-con-full e-flex e-con e-child\" data-id=\"1456602\" data-element_type=\"container\" data-settings=\"{&quot;background_background&quot;:&quot;classic&quot;}\">\n\t\t\t\t<div class=\"elementor-element elementor-element-bf6d935 elementor-position-top elementor-widget elementor-widget-image-box\" data-id=\"bf6d935\" data-element_type=\"widget\" data-widget_type=\"image-box.default\">\n\t\t\t\t<div class=\"elementor-widget-container\">\n\t\t\t\t\t<div class=\"elementor-image-box-wrapper\"><figure class=\"elementor-image-box-img\"><img decoding=\"async\" src=\"https:\/\/taubertek.com\/nuevaweb\/wp-content\/uploads\/2025\/01\/numero-6.png\" title=\"numero-6\" alt=\"numero-6\" loading=\"lazy\" \/><\/figure><div class=\"elementor-image-box-content\"><p class=\"elementor-image-box-description\">Elaboraci\u00f3n de <b>Manuales de Autoprotecci\u00f3n.<\/b><\/p><\/div><\/div>\t\t\t\t<\/div>\n\t\t\t\t<\/div>\n\t\t\t\t<\/div>\n\t\t\t\t\t<\/div>\n\t\t\t\t<\/div>\n\t\t<div class=\"wd-negative-gap elementor-element elementor-element-791a366 e-flex e-con-boxed e-con e-parent\" data-id=\"791a366\" data-element_type=\"container\">\n\t\t\t\t\t<div class=\"e-con-inner\">\n\t\t<div class=\"elementor-element elementor-element-119a873 e-con-full e-flex e-con e-child\" data-id=\"119a873\" data-element_type=\"container\" data-settings=\"{&quot;background_background&quot;:&quot;classic&quot;}\">\n\t\t\t\t<div class=\"elementor-element elementor-element-15b924f elementor-position-top elementor-widget elementor-widget-image-box\" data-id=\"15b924f\" data-element_type=\"widget\" data-widget_type=\"image-box.default\">\n\t\t\t\t<div class=\"elementor-widget-container\">\n\t\t\t\t\t<div class=\"elementor-image-box-wrapper\"><figure class=\"elementor-image-box-img\"><img decoding=\"async\" src=\"https:\/\/taubertek.com\/nuevaweb\/wp-content\/uploads\/2025\/01\/numero-7.png\" title=\"numero-7\" alt=\"numero-7\" loading=\"lazy\" \/><\/figure><div class=\"elementor-image-box-content\"><p class=\"elementor-image-box-description\"><B>Consultor\u00eda de Facility Management<\/b> para optimizar la gesti\u00f3n de instalaciones.<\/p><\/div><\/div>\t\t\t\t<\/div>\n\t\t\t\t<\/div>\n\t\t\t\t<\/div>\n\t\t<div class=\"elementor-element elementor-element-104c5e2 e-con-full e-flex e-con e-child\" data-id=\"104c5e2\" data-element_type=\"container\" data-settings=\"{&quot;background_background&quot;:&quot;classic&quot;}\">\n\t\t\t\t<div class=\"elementor-element elementor-element-7cb626f elementor-position-top elementor-widget elementor-widget-image-box\" data-id=\"7cb626f\" data-element_type=\"widget\" data-widget_type=\"image-box.default\">\n\t\t\t\t<div class=\"elementor-widget-container\">\n\t\t\t\t\t<div class=\"elementor-image-box-wrapper\"><figure class=\"elementor-image-box-img\"><img decoding=\"async\" src=\"https:\/\/taubertek.com\/nuevaweb\/wp-content\/uploads\/2025\/01\/numero-8.png\" title=\"numero-8\" alt=\"numero-8\" loading=\"lazy\" \/><\/figure><div class=\"elementor-image-box-content\"><p class=\"elementor-image-box-description\"><b>Peritajes t\u00e9cnicos<\/b> para evaluaci\u00f3n y resoluci\u00f3n de incidencias.\n\n<\/p><\/div><\/div>\t\t\t\t<\/div>\n\t\t\t\t<\/div>\n\t\t\t\t<\/div>\n\t\t<div class=\"elementor-element elementor-element-c6af855 e-con-full e-flex e-con e-child\" data-id=\"c6af855\" data-element_type=\"container\" data-settings=\"{&quot;background_background&quot;:&quot;classic&quot;}\">\n\t\t\t\t<div class=\"elementor-element elementor-element-54e1fdd elementor-position-top elementor-widget elementor-widget-image-box\" data-id=\"54e1fdd\" data-element_type=\"widget\" data-widget_type=\"image-box.default\">\n\t\t\t\t<div class=\"elementor-widget-container\">\n\t\t\t\t\t<div class=\"elementor-image-box-wrapper\"><figure class=\"elementor-image-box-img\"><img decoding=\"async\" src=\"https:\/\/taubertek.com\/nuevaweb\/wp-content\/uploads\/2025\/01\/numero-9.png\" title=\"numero-9\" alt=\"numero-9\" loading=\"lazy\" \/><\/figure><div class=\"elementor-image-box-content\"><p class=\"elementor-image-box-description\"><b>Formaci\u00f3n t\u00e9cnica<\/b> a trav\u00e9s de cursos especializados en el \u00e1rea de ingenier\u00eda.<\/p><\/div><\/div>\t\t\t\t<\/div>\n\t\t\t\t<\/div>\n\t\t\t\t<\/div>\n\t\t\t\t\t<\/div>\n\t\t\t\t<\/div>\n\t\t<div class=\"wd-negative-gap elementor-element elementor-element-7d1abf4 wd-section-stretch e-flex e-con-boxed e-con e-parent\" data-id=\"7d1abf4\" data-element_type=\"container\" data-settings=\"{&quot;background_background&quot;:&quot;classic&quot;}\">\n\t\t\t\t\t<div class=\"e-con-inner\">\n\t\t<div class=\"elementor-element elementor-element-1cd61ad color-scheme-light e-con-full e-flex e-con e-child\" data-id=\"1cd61ad\" data-element_type=\"container\">\n\t\t\t\t<div class=\"elementor-element elementor-element-dc61f17 wd-width-100 elementor-widget elementor-widget-wd_title\" data-id=\"dc61f17\" data-element_type=\"widget\" data-widget_type=\"wd_title.default\">\n\t\t\t\t<div class=\"elementor-widget-container\">\n\t\t\t\t\t\t\t<div class=\"title-wrapper set-mb-s reset-last-child wd-title-color-primary wd-title-style-default wd-title-size-large text-left\">\n\n\t\t\t\n\t\t\t<div class=\"liner-continer\">\n\t\t\t\t<h4 class=\"woodmart-title-container title wd-fontsize-xxl\">Nuestro Objetivo<\/h4> \n\t\t\t\t\t\t\t<\/div>\n\n\t\t\t\t\t\t\t<div class=\"title-after_title set-cont-mb-s reset-last-child wd-fontsize-s\">\n\t\t\t\t\t<p>En Taubertek 360, buscamos ofrecer servicios de alta calidad, adaptados a las necesidades espec\u00edficas de cada cliente, con costos competitivos y atenci\u00f3n personalizada.<\/p><p>Antes de iniciar cualquier proyecto, trabajamos en estrecha colaboraci\u00f3n con nuestros clientes para evaluar par\u00e1metros clave como:<\/p>\t\t\t\t<\/div>\n\t\t\t\t\t<\/div>\n\t\t\t\t\t\t<\/div>\n\t\t\t\t<\/div>\n\t\t\t\t<\/div>\n\t\t<div class=\"elementor-element elementor-element-23552e2 e-con-full e-flex e-con e-child\" data-id=\"23552e2\" data-element_type=\"container\">\n\t\t<div class=\"elementor-element elementor-element-90e25ca e-con-full e-flex e-con e-child\" data-id=\"90e25ca\" data-element_type=\"container\">\n\t\t<div class=\"elementor-element elementor-element-b5a866b e-con-full e-flex e-con e-child\" data-id=\"b5a866b\" data-element_type=\"container\">\n\t\t\t\t<div class=\"elementor-element elementor-element-438e3e6 color-scheme-inherit text-left elementor-widget elementor-widget-text-editor\" data-id=\"438e3e6\" data-element_type=\"widget\" data-widget_type=\"text-editor.default\">\n\t\t\t\t<div class=\"elementor-widget-container\">\n\t\t\t\t\t\t\t\t\t<ul><li>Objetivos y resultados esperados.<\/li><li>Modalidad de seguimiento del proyecto.<\/li><li>Plazo de ejecuci\u00f3n.<\/li><\/ul><p>Este enfoque nos permite establecer una relaci\u00f3n de confianza y complicidad, esencial para garantizar el \u00e9xito de cada proyecto de ingenier\u00eda.<\/p>\t\t\t\t\t\t\t\t<\/div>\n\t\t\t\t<\/div>\n\t\t\t\t<\/div>\n\t\t\t\t<\/div>\n\t\t\t\t<\/div>\n\t\t\t\t\t<\/div>\n\t\t\t\t<\/div>\n\t\t\t\t<\/div>\n\t\t","protected":false},"excerpt":{"rendered":"<p>Sobre Nosotros En Taubertek 360, S.L., somos una sociedad limitada fundada en 2013, dedicada al desarrollo de proyectos de ingenier\u00eda<\/p>\n","protected":false},"author":1,"featured_media":0,"parent":0,"menu_order":0,"comment_status":"closed","ping_status":"closed","template":"","meta":{"footnotes":""},"class_list":["post-21431","page","type-page","status-publish","hentry"],"_links":{"self":[{"href":"https:\/\/taubertek.com\/nuevaweb\/wp-json\/wp\/v2\/pages\/21431","targetHints":{"allow":["GET"]}}],"collection":[{"href":"https:\/\/taubertek.com\/nuevaweb\/wp-json\/wp\/v2\/pages"}],"about":[{"href":"https:\/\/taubertek.com\/nuevaweb\/wp-json\/wp\/v2\/types\/page"}],"author":[{"embeddable":true,"href":"https:\/\/taubertek.com\/nuevaweb\/wp-json\/wp\/v2\/users\/1"}],"replies":[{"embeddable":true,"href":"https:\/\/taubertek.com\/nuevaweb\/wp-json\/wp\/v2\/comments?post=21431"}],"version-history":[{"count":10,"href":"https:\/\/taubertek.com\/nuevaweb\/wp-json\/wp\/v2\/pages\/21431\/revisions"}],"predecessor-version":[{"id":21478,"href":"https:\/\/taubertek.com\/nuevaweb\/wp-json\/wp\/v2\/pages\/21431\/revisions\/21478"}],"wp:attachment":[{"href":"https:\/\/taubertek.com\/nuevaweb\/wp-json\/wp\/v2\/media?parent=21431"}],"curies":[{"name":"wp","href":"https:\/\/api.w.org\/{rel}","templated":true}]}}