{"id":21506,"date":"2025-03-09T10:10:03","date_gmt":"2025-03-09T10:10:03","guid":{"rendered":"https:\/\/www.taubertek.com\/nuevaweb\/?page_id=21506"},"modified":"2025-03-09T10:11:42","modified_gmt":"2025-03-09T10:11:42","slug":"declaracion-de-accesibilidad","status":"publish","type":"page","link":"https:\/\/taubertek.com\/nuevaweb\/declaracion-de-accesibilidad\/","title":{"rendered":"Declaraci\u00f3n de Accesibilidad"},"content":{"rendered":"\t\t<div data-elementor-type=\"wp-page\" data-elementor-id=\"21506\" class=\"elementor elementor-21506\">\n\t\t\t\t<div class=\"wd-negative-gap elementor-element elementor-element-1c90c3f wd-section-stretch e-flex e-con-boxed e-con e-parent\" data-id=\"1c90c3f\" data-element_type=\"container\" data-settings=\"{&quot;background_background&quot;:&quot;classic&quot;}\">\n\t\t\t\t\t<div class=\"e-con-inner\">\n\t\t\t\t<div class=\"elementor-element elementor-element-5d57672 elementor-widget__width-initial elementor-widget-tablet__width-inherit wd-width-100 elementor-widget elementor-widget-wd_title\" data-id=\"5d57672\" data-element_type=\"widget\" data-widget_type=\"wd_title.default\">\n\t\t\t\t<div class=\"elementor-widget-container\">\n\t\t\t\t\t\t\t\t<link rel=\"stylesheet\" id=\"wd-section-title-css\" href=\"https:\/\/taubertek.com\/nuevaweb\/wp-content\/themes\/woodmart\/css\/parts\/el-section-title.min.css?ver=7.6.0\" type=\"text\/css\" media=\"all\" \/> \t\t\t\t\t<div class=\"title-wrapper set-mb-s reset-last-child wd-title-color-primary wd-title-style-default wd-title-size-large text-left\">\n\n\t\t\t\n\t\t\t<div class=\"liner-continer\">\n\t\t\t\t<h1 class=\"woodmart-title-container title wd-fontsize-xxl\">Declaraci\u00f3n de Accesibilidad<\/h1> \n\t\t\t\t\t\t\t<\/div>\n\n\t\t\t\t\t<\/div>\n\t\t\t\t\t\t<\/div>\n\t\t\t\t<\/div>\n\t\t\t\t<div class=\"elementor-element elementor-element-647791b elementor-widget elementor-widget-image\" data-id=\"647791b\" data-element_type=\"widget\" data-widget_type=\"image.default\">\n\t\t\t\t<div class=\"elementor-widget-container\">\n\t\t\t\t\t\t\t\t\t\t\t\t\t\t\t<img decoding=\"async\" src=\"https:\/\/taubertek.com\/nuevaweb\/wp-content\/uploads\/2024\/12\/taubertek-cuad-150x150-1.png\" title=\"taubertek-cuad-150&#215;150\" alt=\"taubertek-cuad-150x150\" loading=\"lazy\" \/>\t\t\t\t\t\t\t\t\t\t\t\t\t\t\t<\/div>\n\t\t\t\t<\/div>\n\t\t\t\t\t<\/div>\n\t\t\t\t<\/div>\n\t\t<div class=\"wd-negative-gap elementor-element elementor-element-8a3578f e-flex e-con-boxed e-con e-parent\" data-id=\"8a3578f\" data-element_type=\"container\">\n\t\t\t\t\t<div class=\"e-con-inner\">\n\t\t\t\t<div class=\"elementor-element elementor-element-c539371 text-center color-scheme-inherit elementor-widget elementor-widget-text-editor\" data-id=\"c539371\" data-element_type=\"widget\" data-widget_type=\"text-editor.default\">\n\t\t\t\t<div class=\"elementor-widget-container\">\n\t\t\t\t\t\t\t\t\t<h2 class=\"wp-block-heading\">1. Accesibilidad<\/h2><p>Este sitio web es accesible, de conformidad con el\u00a0<a href=\"https:\/\/www.boe.es\/diario_boe\/txt.php?id=BOE-A-2018-12699\" target=\"_blank\" rel=\"noreferrer noopener\">Real Decreto 1112\/2018, de 7 de septiembre, sobre accesibilidad de los sitios web y aplicaciones para dispositivos m\u00f3viles<\/a>.<\/p><p>La presente declaraci\u00f3n de accesibilidad se aplica al sitio web\u00a0<strong>www.taubertek.es<\/strong><\/p><h2 class=\"wp-block-heading\">2. Situaci\u00f3n de cumplimiento<\/h2><p>Este sitio web es parcialmente conforme con el\u00a0<a href=\"https:\/\/www.boe.es\/diario_boe\/txt.php?id=BOE-A-2018-12699\" target=\"_blank\" rel=\"noreferrer noopener\">RD 1112\/2018<\/a>\u00a0debido a las excepciones y a la falta de conformidad de los aspectos que se indican en el siguiente punto.<\/p><h2 class=\"wp-block-heading\">3. Contenido no accesible<\/h2><p>El contenido que se recoge a continuaci\u00f3n no es accesible por lo siguiente:<\/p><p><strong>Falta de conformidad con el RD 1112\/2018<\/strong><\/p><p>Podr\u00edan existir errores de c\u00f3digo puntuales de edici\u00f3n en alguna p\u00e1gina web.<\/p><ul class=\"wp-block-list\"><li>Requisitos de conformidad de las Pautas WCAG (Condicional)<\/li><li>Cancelaci\u00f3n del puntero (Condicional)<\/li><\/ul><p><strong>Carga desproporcionada<\/strong><\/p><p>No aplica.<\/p><h2 class=\"wp-block-heading\">4. Preparaci\u00f3n para la siguiente declaraci\u00f3n de accesibilidad<\/h2><p>La presente declaraci\u00f3n fue preparada el 01 de agosto de 2024.<\/p><p>El m\u00e9todo empleado para preparar la declaraci\u00f3n ha sido una autoevaluaci\u00f3n llevada a cabo por la empresa desarrolladora de la p\u00e1gina web.<\/p><h2 class=\"wp-block-heading\">5. Observaciones y datos de contacto<\/h2><p>Puede realizar comunicaciones sobre requisitos de accesibilidad (art\u00edculo 10.2.a del RD 1112\/2018) como, por ejemplo:<\/p><ul class=\"wp-block-list\"><li>Informar sobre cualquier posible incumplimiento por parte de este sitio web.<\/li><li>Transmitir otras dificultades de acceso al contenido.<\/li><li>Formular cualquier otra consulta o sugerencia de mejora relativa a la accesibilidad del sitio web a trav\u00e9s del formulario de contacto de este sitio web<\/li><\/ul><p>Puede presentar:<\/p><ul class=\"wp-block-list\"><li>Queja relativa al cumplimiento de los requisitos del RD 1112\/2018 o<\/li><li>Solicitud de Informaci\u00f3n accesible relativa a:<ul class=\"wp-block-list\"><li>Contenidos que est\u00e1n excluidos del \u00e1mbito de aplicaci\u00f3n del RD 1112\/2018 seg\u00fan lo establecido por el art\u00edculo 3, apartado 4.<\/li><li>Contenidos que est\u00e1n exentos del cumplimiento de los requisitos de accesibilidad por imponer una carga desproporcionada<\/li><\/ul><\/li><\/ul><p>En la Solicitud de informaci\u00f3n accesible, se debe concretar, con toda claridad, los hechos, razones y petici\u00f3n que permitan constatar que se trata de una solicitud razonable y leg\u00edtima.<\/p><p>Las quejas y reclamaciones sobre informaci\u00f3n accesible se realizar\u00e1n a trav\u00e9s de a trav\u00e9s del formulario de contacto de este sitio web.<\/p>\t\t\t\t\t\t\t\t<\/div>\n\t\t\t\t<\/div>\n\t\t\t\t\t<\/div>\n\t\t\t\t<\/div>\n\t\t\t\t<\/div>\n\t\t","protected":false},"excerpt":{"rendered":"<p>Declaraci\u00f3n de Accesibilidad 1. Accesibilidad Este sitio web es accesible, de conformidad con el\u00a0Real Decreto 1112\/2018, de 7 de septiembre,<\/p>\n","protected":false},"author":1,"featured_media":0,"parent":0,"menu_order":0,"comment_status":"closed","ping_status":"closed","template":"","meta":{"footnotes":""},"class_list":["post-21506","page","type-page","status-publish","hentry"],"_links":{"self":[{"href":"https:\/\/taubertek.com\/nuevaweb\/wp-json\/wp\/v2\/pages\/21506","targetHints":{"allow":["GET"]}}],"collection":[{"href":"https:\/\/taubertek.com\/nuevaweb\/wp-json\/wp\/v2\/pages"}],"about":[{"href":"https:\/\/taubertek.com\/nuevaweb\/wp-json\/wp\/v2\/types\/page"}],"author":[{"embeddable":true,"href":"https:\/\/taubertek.com\/nuevaweb\/wp-json\/wp\/v2\/users\/1"}],"replies":[{"embeddable":true,"href":"https:\/\/taubertek.com\/nuevaweb\/wp-json\/wp\/v2\/comments?post=21506"}],"version-history":[{"count":5,"href":"https:\/\/taubertek.com\/nuevaweb\/wp-json\/wp\/v2\/pages\/21506\/revisions"}],"predecessor-version":[{"id":21511,"href":"https:\/\/taubertek.com\/nuevaweb\/wp-json\/wp\/v2\/pages\/21506\/revisions\/21511"}],"wp:attachment":[{"href":"https:\/\/taubertek.com\/nuevaweb\/wp-json\/wp\/v2\/media?parent=21506"}],"curies":[{"name":"wp","href":"https:\/\/api.w.org\/{rel}","templated":true}]}}